{"id":3368,"date":"2023-01-24T08:09:55","date_gmt":"2023-01-24T07:09:55","guid":{"rendered":"https:\/\/www.7barber.cz\/\/kontakte\/"},"modified":"2026-03-24T11:06:43","modified_gmt":"2026-03-24T10:06:43","slug":"kontakte","status":"publish","type":"page","link":"https:\/\/www.7barber.cz\/de\/kontakte\/","title":{"rendered":"Kontakte"},"content":{"rendered":"<h2>Kontakte<\/h2>\n<h2>Kontaktieren Sie uns jetzt<\/h2>\n<p>Wenn Sie Fragen haben, z\u00f6gern Sie nicht, uns zu kontaktieren \u2013 wir sind f\u00fcr Sie da! F\u00fcllen Sie das einfache Kontaktformular aus, rufen Sie uns unter der angegebenen Telefonnummer an oder schreiben Sie uns eine E-Mail. Wir beraten Sie gerne, antworten so schnell wie m\u00f6glich und sorgen f\u00fcr Ihre Zufriedenheit.  <\/p>\n<h2>7 Barbershop und Salon<\/h2>\n<ul>\n<li>\n\t\t\t\t\t\t\t<svg aria-hidden=\"true\" viewBox=\"0 0 512 512\" xmlns=\"http:\/\/www.w3.org\/2000\/svg\"><path d=\"M497.39 361.8l-112-48a24 24 0 0 0-28 6.9l-49.6 60.6A370.66 370.66 0 0 1 130.6 204.11l60.6-49.6a23.94 23.94 0 0 0 6.9-28l-48-112A24.16 24.16 0 0 0 122.6.61l-104 24A24 24 0 0 0 0 48c0 256.5 207.9 464 464 464a24 24 0 0 0 23.4-18.6l24-104a24.29 24.29 0 0 0-14.01-27.6z\"><\/path><\/svg><br \/>\n\t\t\t\t\t\t\t\t\t\t601  151 053\n\t\t\t\t\t\t\t\t\t<\/li>\n<li>\n\t\t\t\t\t\t\t<svg aria-hidden=\"true\" viewBox=\"0 0 512 512\" xmlns=\"http:\/\/www.w3.org\/2000\/svg\"><path d=\"M502.3 190.8c3.9-3.1 9.7-.2 9.7 4.7V400c0 26.5-21.5 48-48 48H48c-26.5 0-48-21.5-48-48V195.6c0-5 5.7-7.8 9.7-4.7 22.4 17.4 52.1 39.5 154.1 113.6 21.1 15.4 56.7 47.8 92.2 47.6 35.7.3 72-32.8 92.3-47.6 102-74.1 131.6-96.3 154-113.7zM256 320c23.2.4 56.6-29.2 73.4-41.4 132.7-96.3 142.8-104.7 173.4-128.7 5.8-4.5 9.2-11.5 9.2-18.9v-19c0-26.5-21.5-48-48-48H48C21.5 64 0 85.5 0 112v19c0 7.4 3.4 14.3 9.2 18.9 30.6 23.9 40.7 32.4 173.4 128.7 16.8 12.2 50.2 41.8 73.4 41.4z\"><\/path><\/svg><br \/>\n\t\t\t\t\t\t\t\t\t\tjsme@7barber.cz\n\t\t\t\t\t\t\t\t\t<\/li>\n<li>\n\t\t\t\t\t\t\t<svg aria-hidden=\"true\" viewBox=\"0 0 384 512\" xmlns=\"http:\/\/www.w3.org\/2000\/svg\"><path d=\"M172.268 501.67C26.97 291.031 0 269.413 0 192 0 85.961 85.961 0 192 0s192 85.961 192 192c0 77.413-26.97 99.031-172.268 309.67-9.535 13.774-29.93 13.773-39.464 0zM192 272c44.183 0 80-35.817 80-80s-35.817-80-80-80-80 35.817-80 80 35.817 80 80 80z\"><\/path><\/svg><br \/>\n\t\t\t\t\t\t\t\t\t\tHou\u0161kova 7, Plze\u0148, Slovany\n\t\t\t\t\t\t\t\t\t<\/li>\n<\/ul>\n<form method=\"post\" name=\"Neues Formular\" page=\"Kontakty\" page_id=\"12\" novalidate>\n\t\t\t<input type=\"hidden\" name=\"post_id\" value=\"12\"\/><br \/>\n\t\t\t<input type=\"hidden\" name=\"form_id\" value=\"39be4be\"\/><br \/>\n\t\t\t<input type=\"hidden\" name=\"referer_title\" value=\"\" \/><br \/>\n\t\t\t\t\t\t\t\t\t\t\t\t\t\t<label for=\"form-field-name\" data-alt-label=\"Vor- und Nachname\"><br \/>\n\t\t\t\t\t\t\t\t\tVor- und Nachname\t\t\t\t\t\t\t\t<\/label><br \/>\n\t\t\t\t\t\t\t<input size=\"1 \"type=\"text\" name=\"form_fields[name]\" id=\"form-field-name\"><br \/>\n\t\t\t\t\t\t\t\t\t\t\t\t\t\t<label for=\"form-field-email\" data-alt-label=\"E-Mail\"><br \/>\n\t\t\t\t\t\t\t\t\tE-Mail\t\t\t\t\t\t\t\t<\/label><br \/>\n\t\t\t\t\t\t\t<input size=\"1 \"type=\"email\" name=\"form_fields[email]\" id=\"form-field-email\" required=\"required\" aria-required=\"true\"><br \/>\n\t\t\t\t\t\t\t\t\t\t\t\t\t\t<label for=\"form-field-message\" data-alt-label=\"Nachrichtentext\"><br \/>\n\t\t\t\t\t\t\t\t\tNachrichtentext\t\t\t\t\t\t\t\t<\/label><br \/>\n\t\t\t\t\t\t\t<textarea name=\"form_fields[message]\" id=\"form-field-message\" rows=\"7\"><\/textarea><br \/>\n\t\t\t\t\t\t\t<button type=\"submit\"><br \/>\n\t\t\t\t\t\t\t\t\t\t\t\t\t\t\t\tSenden<br \/>\n\t\t\t<\/button><br \/>\n\t\t<\/form>\n<h2><a href=\"https:\/\/www.google.com\/maps\/place\/7+barber+shop+%26+salon\/@49.7387807,13.3868791,17z\/data=!3m1!4b1!4m6!3m5!1s0x470af12512b28255:0x1a03de28565c29e6!8m2!3d49.7387773!4d13.3894594!16s%2Fg%2F11fmz07tn6?entry=ttu&#038;g_ep=EgoyMDI1MDQwOS4wIKXMDSoASAFQAw%3D%3D\" target=\"_blank\" rel=\"noopener\"><br \/>\n    <title>Einfacher Marker<\/title><br \/>\n    <!-- The callback parameter is required, so we use console.debug as a noop --><br \/>\n      \/* Always set the map height explicitly to define the size of the div<br \/>\n       * element that contains the map. *\/<br \/>\n      gmp-map {<br \/>\n        height: 100%;<br \/>\n      }<br \/>\n      \/* Optional: Makes the sample page fill the window. *\/<br \/>\n      html,<br \/>\n      body {<br \/>\n        height: 100%;<br \/>\n        margin: 0;<br \/>\n        padding: 0;<br \/>\n      }<br \/>\n<\/a><\/h2>\n<p>Please insert Access Token and Expiry Date in associated fields<\/p>\n","protected":false},"excerpt":{"rendered":"<p>Kontakte Kontaktieren Sie uns jetzt Wenn Sie Fragen haben, z\u00f6gern Sie nicht, uns zu kontaktieren \u2013 wir sind f\u00fcr Sie da! F\u00fcllen Sie das einfache Kontaktformular aus, rufen Sie uns unter der angegebenen Telefonnummer an oder schreiben Sie uns eine E-Mail. Wir beraten Sie gerne, antworten so schnell wie m\u00f6glich und sorgen f\u00fcr Ihre Zufriedenheit. 7 Barbershop und Salon 601 151 053 jsme@7barber.cz Hou\u0161kova 7, Plze\u0148, Slovany Vor- und Nachname E-Mail Nachrichtentext Senden Einfacher Marker \/* Always set the map height explicitly to define the size of the div * element that contains the map. *\/ gmp-map { height: 100%; } \/* Optional: Makes the sample page fill the window. *\/ html, body { height: 100%; margin: 0; padding: 0; } Please insert Access Token and Expiry Date in associated fields<\/p>\n","protected":false},"author":1,"featured_media":0,"parent":0,"menu_order":0,"comment_status":"closed","ping_status":"closed","template":"elementor_canvas","meta":{"footnotes":""},"class_list":["post-3368","page","type-page","status-publish","hentry"],"_links":{"self":[{"href":"https:\/\/www.7barber.cz\/de\/wp-json\/wp\/v2\/pages\/3368","targetHints":{"allow":["GET"]}}],"collection":[{"href":"https:\/\/www.7barber.cz\/de\/wp-json\/wp\/v2\/pages"}],"about":[{"href":"https:\/\/www.7barber.cz\/de\/wp-json\/wp\/v2\/types\/page"}],"author":[{"embeddable":true,"href":"https:\/\/www.7barber.cz\/de\/wp-json\/wp\/v2\/users\/1"}],"replies":[{"embeddable":true,"href":"https:\/\/www.7barber.cz\/de\/wp-json\/wp\/v2\/comments?post=3368"}],"version-history":[{"count":2,"href":"https:\/\/www.7barber.cz\/de\/wp-json\/wp\/v2\/pages\/3368\/revisions"}],"predecessor-version":[{"id":4956,"href":"https:\/\/www.7barber.cz\/de\/wp-json\/wp\/v2\/pages\/3368\/revisions\/4956"}],"wp:attachment":[{"href":"https:\/\/www.7barber.cz\/de\/wp-json\/wp\/v2\/media?parent=3368"}],"curies":[{"name":"wp","href":"https:\/\/api.w.org\/{rel}","templated":true}]}}