{"id":3384,"date":"2025-05-05T19:02:03","date_gmt":"2025-05-05T17:02:03","guid":{"rendered":"https:\/\/www.7barber.cz\/\/haarschnitt\/"},"modified":"2025-08-20T16:28:14","modified_gmt":"2025-08-20T14:28:14","slug":"haarschnitt","status":"publish","type":"page","link":"https:\/\/www.7barber.cz\/de\/haarschnitt\/","title":{"rendered":"Haarschnitt"},"content":{"rendered":"\t\t<div data-elementor-type=\"wp-page\" data-elementor-id=\"3384\" class=\"elementor elementor-3384 elementor-2336\">\n\t\t\t\t<div class=\"elementor-element elementor-element-8e5441d e-flex e-con-boxed wpr-particle-no wpr-jarallax-no wpr-parallax-no wpr-sticky-section-no wpr-equal-height-no e-con e-parent\" data-id=\"8e5441d\" data-element_type=\"container\" data-e-type=\"container\">\n\t\t\t\t\t<div class=\"e-con-inner\">\n\t\t\t\t<div class=\"elementor-element elementor-element-bb88fec elementor-widget elementor-widget-text-editor\" data-id=\"bb88fec\" data-element_type=\"widget\" data-e-type=\"widget\" data-widget_type=\"text-editor.default\">\n\t\t\t\t<div class=\"elementor-widget-container\">\n\t\t\t\t\t\t\t\t\t<p><span style=\"caret-color: #000000; color: #000000; font-size: medium;\">Plane regelm\u00e4\u00dfige Besuche und erhalte einen Rabatt! Gib bei der Bestellung von 4 Haarschnitt-Terminen den Code ein:  <\/span><strong style=\"caret-color: #000000; color: #000000;\" data-start=\"90\" data-end=\"101\">\u201ebasic\u201c<\/strong><span style=\"caret-color: #000000; color: #000000; font-size: medium;\"> und du erh\u00e4ltst 5 % Rabatt. Verwende f\u00fcr 7 Termine den Code  <\/span><strong style=\"caret-color: #000000; color: #000000;\" data-start=\"146\" data-end=\"157\">\u201eextra\u201c<\/strong><span style=\"caret-color: #000000; color: #000000; font-size: medium;\"> und erhalte 7 % Rabatt. Richte Mehrfachtermine mit Wiederholungen ein (z. B. monatlich) und \u00fcberpr\u00fcfe anschlie\u00dfend die einzelnen Termine in der \u00dcbersicht. <\/span><\/p>\t\t\t\t\t\t\t\t<\/div>\n\t\t\t\t<\/div>\n\t\t\t\t\t<\/div>\n\t\t\t\t<\/div>\n\t\t<div class=\"elementor-element elementor-element-315922cc e-flex e-con-boxed wpr-particle-no wpr-jarallax-no wpr-parallax-no wpr-sticky-section-no wpr-equal-height-no e-con e-parent\" data-id=\"315922cc\" data-element_type=\"container\" data-e-type=\"container\" data-settings=\"{&quot;background_background&quot;:&quot;classic&quot;}\">\n\t\t\t\t\t<div class=\"e-con-inner\">\n\t\t\t\t<div class=\"elementor-element elementor-element-39fc9087 elementor-widget elementor-widget-text-editor\" data-id=\"39fc9087\" data-element_type=\"widget\" data-e-type=\"widget\" data-widget_type=\"text-editor.default\">\n\t\t\t\t<div class=\"elementor-widget-container\">\n\t\t\t\t\t\t\t\t\t\n\n<div class=\"embedded-booking\" data-url=\"https:\/\/rezervace.barber7.cz\" data-query=\"&amp;t=s&amp;uuid=7a6fdb65-2606-4450-8d75-03b04b4b3b23\" data-lang=\"cs\" data-autoresize=\"1\" data-showsidebar=\"1\" style=\"min-width: 320px; height: 768px;\"><\/div>\n<script type=\"text\/javascript\" src=\"https:\/\/rezervace.barber7.cz\/embed.js\" async=\"\"><\/script>\n\n\t\t\t\t\t\t\t\t<\/div>\n\t\t\t\t<\/div>\n\t\t\t\t\t<\/div>\n\t\t\t\t<\/div>\n\t\t\t\t<\/div>\n\t\t","protected":false},"excerpt":{"rendered":"<p>Plane regelm\u00e4\u00dfige Besuche und erhalte einen Rabatt! Gib bei der Bestellung von 4 Haarschnitt-Terminen den Code ein: \u201ebasic\u201c und du erh\u00e4ltst 5 % Rabatt. Verwende f\u00fcr 7 Termine den Code \u201eextra\u201c und erhalte 7 % Rabatt. Richte Mehrfachtermine mit Wiederholungen ein (z. B. monatlich) und \u00fcberpr\u00fcfe anschlie\u00dfend die einzelnen Termine in der \u00dcbersicht.<\/p>\n","protected":false},"author":1,"featured_media":0,"parent":0,"menu_order":0,"comment_status":"closed","ping_status":"closed","template":"elementor_header_footer","meta":{"footnotes":""},"class_list":["post-3384","page","type-page","status-publish","hentry"],"_links":{"self":[{"href":"https:\/\/www.7barber.cz\/de\/wp-json\/wp\/v2\/pages\/3384","targetHints":{"allow":["GET"]}}],"collection":[{"href":"https:\/\/www.7barber.cz\/de\/wp-json\/wp\/v2\/pages"}],"about":[{"href":"https:\/\/www.7barber.cz\/de\/wp-json\/wp\/v2\/types\/page"}],"author":[{"embeddable":true,"href":"https:\/\/www.7barber.cz\/de\/wp-json\/wp\/v2\/users\/1"}],"replies":[{"embeddable":true,"href":"https:\/\/www.7barber.cz\/de\/wp-json\/wp\/v2\/comments?post=3384"}],"version-history":[{"count":7,"href":"https:\/\/www.7barber.cz\/de\/wp-json\/wp\/v2\/pages\/3384\/revisions"}],"predecessor-version":[{"id":3404,"href":"https:\/\/www.7barber.cz\/de\/wp-json\/wp\/v2\/pages\/3384\/revisions\/3404"}],"wp:attachment":[{"href":"https:\/\/www.7barber.cz\/de\/wp-json\/wp\/v2\/media?parent=3384"}],"curies":[{"name":"wp","href":"https:\/\/api.w.org\/{rel}","templated":true}]}}