{"id":3447,"date":"2025-04-10T23:25:26","date_gmt":"2025-04-10T21:25:26","guid":{"rendered":"https:\/\/www.7barber.cz\/\/artikel\/"},"modified":"2025-08-20T16:29:48","modified_gmt":"2025-08-20T14:29:48","slug":"artikel","status":"publish","type":"page","link":"https:\/\/www.7barber.cz\/de\/artikel\/","title":{"rendered":"Artikel"},"content":{"rendered":"\t\t<div data-elementor-type=\"wp-page\" data-elementor-id=\"3447\" class=\"elementor elementor-3447 elementor-884\">\n\t\t\t\t<div class=\"elementor-element elementor-element-b030afe e-flex e-con-boxed wpr-particle-no wpr-jarallax-no wpr-parallax-no wpr-sticky-section-no wpr-equal-height-no e-con e-parent\" data-id=\"b030afe\" data-element_type=\"container\" data-e-type=\"container\" data-settings=\"{&quot;background_background&quot;:&quot;classic&quot;}\">\n\t\t\t\t\t<div class=\"e-con-inner\">\n\t\t\t\t\t<\/div>\n\t\t\t\t<\/div>\n\t\t<div class=\"elementor-element elementor-element-6e03d1f e-flex e-con-boxed wpr-particle-no wpr-jarallax-no wpr-parallax-no wpr-sticky-section-no wpr-equal-height-no e-con e-parent\" data-id=\"6e03d1f\" data-element_type=\"container\" data-e-type=\"container\">\n\t\t\t\t\t<div class=\"e-con-inner\">\n\t\t\t\t<div class=\"elementor-element elementor-element-7807172 wpr-grid-columns-3 wpr-grid-columns--tablet2 wpr-grid-columns--mobile1 wpr-grid-pagination-center wpr-item-styles-inner elementor-widget elementor-widget-wpr-grid\" data-id=\"7807172\" data-element_type=\"widget\" data-e-type=\"widget\" data-widget_type=\"wpr-grid.default\">\n\t\t\t\t<div class=\"elementor-widget-container\">\n\t\t\t\t\t<h2>Keine Beitr\u00e4ge gefunden!<\/h2>\t\t\t\t<\/div>\n\t\t\t\t<\/div>\n\t\t\t\t\t<\/div>\n\t\t\t\t<\/div>\n\t\t\t\t<\/div>\n\t\t","protected":false},"excerpt":{"rendered":"<p>Alle Beitr\u00e4ge \u010dl\u00e1nky Letn\u00ed sest\u0159ih: \u010cas na sv\u011b\u017e\u00ed zm\u011bnu v barber shopu v Plzni 11. 4. 2025\/ L\u00e9to je ide\u00e1ln\u00ed \u010das na zm\u011bnu vzhledu \u2013 a co je lep\u0161\u00edho ne\u017e nov\u00fd, sv\u011b\u017e\u00ed letn\u00ed sest\u0159ih? Vy\u0161\u0161\u00ed teploty si&#8230; Ganzen Artikel<\/p>\n","protected":false},"author":1,"featured_media":0,"parent":0,"menu_order":0,"comment_status":"closed","ping_status":"closed","template":"elementor_header_footer","meta":{"footnotes":""},"class_list":["post-3447","page","type-page","status-publish","hentry"],"_links":{"self":[{"href":"https:\/\/www.7barber.cz\/de\/wp-json\/wp\/v2\/pages\/3447","targetHints":{"allow":["GET"]}}],"collection":[{"href":"https:\/\/www.7barber.cz\/de\/wp-json\/wp\/v2\/pages"}],"about":[{"href":"https:\/\/www.7barber.cz\/de\/wp-json\/wp\/v2\/types\/page"}],"author":[{"embeddable":true,"href":"https:\/\/www.7barber.cz\/de\/wp-json\/wp\/v2\/users\/1"}],"replies":[{"embeddable":true,"href":"https:\/\/www.7barber.cz\/de\/wp-json\/wp\/v2\/comments?post=3447"}],"version-history":[{"count":1,"href":"https:\/\/www.7barber.cz\/de\/wp-json\/wp\/v2\/pages\/3447\/revisions"}],"predecessor-version":[{"id":3449,"href":"https:\/\/www.7barber.cz\/de\/wp-json\/wp\/v2\/pages\/3447\/revisions\/3449"}],"wp:attachment":[{"href":"https:\/\/www.7barber.cz\/de\/wp-json\/wp\/v2\/media?parent=3447"}],"curies":[{"name":"wp","href":"https:\/\/api.w.org\/{rel}","templated":true}]}}