{"id":3454,"date":"2025-04-10T23:20:50","date_gmt":"2025-04-10T21:20:50","guid":{"rendered":"https:\/\/www.7barber.cz\/\/preisliste\/"},"modified":"2025-08-20T16:29:46","modified_gmt":"2025-08-20T14:29:46","slug":"preisliste","status":"publish","type":"page","link":"https:\/\/www.7barber.cz\/de\/preisliste\/","title":{"rendered":"Preisliste"},"content":{"rendered":"\t\t<div data-elementor-type=\"wp-page\" data-elementor-id=\"3454\" class=\"elementor elementor-3454 elementor-873\">\n\t\t\t\t<div class=\"elementor-element elementor-element-acd73cb e-flex e-con-boxed wpr-particle-no wpr-jarallax-no wpr-parallax-no wpr-sticky-section-no wpr-equal-height-no e-con e-parent\" data-id=\"acd73cb\" data-element_type=\"container\" data-e-type=\"container\" data-settings=\"{&quot;background_background&quot;:&quot;classic&quot;}\">\n\t\t\t\t\t<div class=\"e-con-inner\">\n\t\t\t\t\t<\/div>\n\t\t\t\t<\/div>\n\t\t\t\t<section class=\"elementor-section elementor-top-section elementor-element elementor-element-27446c210 elementor-section-boxed elementor-section-height-default elementor-section-height-default wpr-particle-no wpr-jarallax-no wpr-parallax-no wpr-sticky-section-no wpr-equal-height-no\" data-id=\"27446c210\" data-element_type=\"section\" data-e-type=\"section\">\n\t\t\t\t\t\t<div class=\"elementor-container elementor-column-gap-default\">\n\t\t\t\t\t<div class=\"elementor-column elementor-col-100 elementor-top-column elementor-element elementor-element-7db04e0\" data-id=\"7db04e0\" data-element_type=\"column\" data-e-type=\"column\">\n\t\t\t<div class=\"elementor-widget-wrap elementor-element-populated\">\n\t\t\t\t\t\t<div class=\"elementor-element elementor-element-55c0590c elementor-widget elementor-widget-spacer\" data-id=\"55c0590c\" data-element_type=\"widget\" data-e-type=\"widget\" data-widget_type=\"spacer.default\">\n\t\t\t\t<div class=\"elementor-widget-container\">\n\t\t\t\t\t\t\t<div class=\"elementor-spacer\">\n\t\t\t<div class=\"elementor-spacer-inner\"><\/div>\n\t\t<\/div>\n\t\t\t\t\t\t<\/div>\n\t\t\t\t<\/div>\n\t\t\t\t\t<\/div>\n\t\t<\/div>\n\t\t\t\t\t<\/div>\n\t\t<\/section>\n\t\t<div class=\"elementor-element elementor-element-1876721 e-flex e-con-boxed wpr-particle-no wpr-jarallax-no wpr-parallax-no wpr-sticky-section-no wpr-equal-height-no e-con e-parent\" data-id=\"1876721\" data-element_type=\"container\" data-e-type=\"container\">\n\t\t\t\t\t<div class=\"e-con-inner\">\n\t\t\t\t<div class=\"elementor-element elementor-element-2be9c09 elementor-widget elementor-widget-heading\" data-id=\"2be9c09\" data-element_type=\"widget\" data-e-type=\"widget\" data-widget_type=\"heading.default\">\n\t\t\t\t<div class=\"elementor-widget-container\">\n\t\t\t\t\t<h2 class=\"elementor-heading-title elementor-size-default\">Preisliste Barbershop<\/h2>\t\t\t\t<\/div>\n\t\t\t\t<\/div>\n\t\t\t\t\t<\/div>\n\t\t\t\t<\/div>\n\t\t\t\t<section class=\"elementor-section elementor-top-section elementor-element elementor-element-7ce23903 elementor-section-boxed elementor-section-height-default elementor-section-height-default wpr-particle-no wpr-jarallax-no wpr-parallax-no wpr-sticky-section-no wpr-equal-height-no\" data-id=\"7ce23903\" data-element_type=\"section\" data-e-type=\"section\" data-settings=\"{&quot;background_background&quot;:&quot;classic&quot;}\">\n\t\t\t\t\t\t<div class=\"elementor-container elementor-column-gap-default\">\n\t\t\t\t\t<div class=\"elementor-column elementor-col-100 elementor-top-column elementor-element elementor-element-7644e443\" data-id=\"7644e443\" data-element_type=\"column\" data-e-type=\"column\">\n\t\t\t<div class=\"elementor-widget-wrap elementor-element-populated\">\n\t\t\t\t\t\t<section class=\"elementor-section elementor-inner-section elementor-element elementor-element-40724aa2 elementor-section-boxed elementor-section-height-default elementor-section-height-default wpr-particle-no wpr-jarallax-no wpr-parallax-no wpr-sticky-section-no wpr-equal-height-no\" data-id=\"40724aa2\" data-element_type=\"section\" data-e-type=\"section\">\n\t\t\t\t\t\t<div class=\"elementor-container elementor-column-gap-wider\">\n\t\t\t\t\t<div class=\"elementor-column elementor-col-50 elementor-inner-column elementor-element elementor-element-390c8589\" data-id=\"390c8589\" data-element_type=\"column\" data-e-type=\"column\">\n\t\t\t<div class=\"elementor-widget-wrap elementor-element-populated\">\n\t\t\t\t\t\t<div class=\"elementor-element elementor-element-75d17bc7 wpr-price-list-position-left wpr-price-list-old-position-before elementor-widget elementor-widget-wpr-price-list\" data-id=\"75d17bc7\" data-element_type=\"widget\" data-e-type=\"widget\" data-widget_type=\"wpr-price-list.default\">\n\t\t\t\t<div class=\"elementor-widget-container\">\n\t\t\t\t\t\n\t\t<div class=\"wpr-price-list\">\n\t\t\t\n\t\t\t\n\t\t\t\t<div class=\"wpr-price-list-item elementor-repeater-item-8523e1a elementor-clearfix\">\n\t\t\t\t\t\t\t\n\t\t\t\t<div class=\"wpr-price-list-image\"><img decoding=\"async\" src=\"https:\/\/www.7barber.cz\/wp-content\/uploads\/2025\/04\/Snimek-obrazovky-2025-04-14-v-19.13.08.png\" ><\/div>\n\t\t\t\t\t<div class=\"wpr-price-list-content\">\n\t\t\t\t\t\t\n\t\t\t\t\t\t<div class=\"wpr-price-list-heading\">\n\t\t\t\t\t\t\t\n\t\t\t\t\t\t\t\t\t\t\t\t\t\t\t\n\t\t\t\t\t\t\t<span class=\"wpr-price-list-title\">Haarschnitt<\/span>\t\t\t\t\t\t\t\n\t\t\t\t\t\t\t\t\t\t\t\t\t\t\n\t\t\t\t\t\t\t\t\t\t\t\t\t\n\t\t\t\t\t\t\t\t<span class=\"wpr-price-list-separator\"><\/span>\n\t\t\t\t\t\t\t\n\t\t\t\t\t\t\t\t\t\t\t\t\t\t\t<span class=\"wpr-price-list-price-wrap\">\n\t\t\t\t\t\t\t\t\t\t\n\t\t\t\t\t\t\t\t\t<span class=\"wpr-price-list-price\"> 560 CZK<\/span>\n\t\t\t\t\t\t\t\t\t\n\t\t\t\t\t\t\t\t\t\t\t\t\t\t\t\t\t<\/span>\n\t\t\t\t\t\t\t\n\t\t\t\t\t\t<\/div>\n\t\t\t\t\t\t\n\t\t\t\t\t\t\t\t\t\t\t\t\t<div class=\"wpr-price-list-description\">Haarschnitt mit Schere und Maschine, Konturenrasur mit Rasiermesser, Waschen, Entfernen von H\u00e4rchen um die Ohren, Entfernen von Nasenhaaren mit Wachs, Styling und K\u00f6lnischwasser. Wasser, Kaffee, Tee GRATIS. <\/div>\n\t\t\t\t\t\t\t\t\t\t\t<\/div>\n\n\t\t\t\t<\/div>\n\n\t\t\t\t\n\t\t\t\t<div class=\"wpr-price-list-item elementor-repeater-item-6dbc07e elementor-clearfix\">\n\t\t\t\t\t\t\t\n\t\t\t\t<div class=\"wpr-price-list-image\"><img decoding=\"async\" src=\"https:\/\/www.7barber.cz\/wp-content\/uploads\/2025\/04\/Snimek-obrazovky-2025-04-14-v-19.21.50.png\" ><\/div>\n\t\t\t\t\t<div class=\"wpr-price-list-content\">\n\t\t\t\t\t\t\n\t\t\t\t\t\t<div class=\"wpr-price-list-heading\">\n\t\t\t\t\t\t\t\n\t\t\t\t\t\t\t\t\t\t\t\t\t\t\t\n\t\t\t\t\t\t\t<span class=\"wpr-price-list-title\">Kinderschnitt bis 10 Jahre<\/span>\t\t\t\t\t\t\t\n\t\t\t\t\t\t\t\t\t\t\t\t\t\t\n\t\t\t\t\t\t\t\t\t\t\t\t\t\n\t\t\t\t\t\t\t\t<span class=\"wpr-price-list-separator\"><\/span>\n\t\t\t\t\t\t\t\n\t\t\t\t\t\t\t\t\t\t\t\t\t\t\t<span class=\"wpr-price-list-price-wrap\">\n\t\t\t\t\t\t\t\t\t\t\n\t\t\t\t\t\t\t\t\t<span class=\"wpr-price-list-price\">400 CZK<\/span>\n\t\t\t\t\t\t\t\t\t\n\t\t\t\t\t\t\t\t\t\t\t\t\t\t\t\t\t<\/span>\n\t\t\t\t\t\t\t\n\t\t\t\t\t\t<\/div>\n\t\t\t\t\t\t\n\t\t\t\t\t\t\t\t\t\t\t<\/div>\n\n\t\t\t\t<\/div>\n\n\t\t\t\t\n\t\t\t\t<div class=\"wpr-price-list-item elementor-repeater-item-d3393e7 elementor-clearfix\">\n\t\t\t\t\t\t\t\n\t\t\t\t<div class=\"wpr-price-list-image\"><img decoding=\"async\" src=\"https:\/\/www.7barber.cz\/wp-content\/uploads\/2025\/04\/Snimek-obrazovky-2025-04-14-v-19.23.35.png\" ><\/div>\n\t\t\t\t\t<div class=\"wpr-price-list-content\">\n\t\t\t\t\t\t\n\t\t\t\t\t\t<div class=\"wpr-price-list-heading\">\n\t\t\t\t\t\t\t\n\t\t\t\t\t\t\t\t\t\t\t\t\t\t\t\n\t\t\t\t\t\t\t<span class=\"wpr-price-list-title\">Haarschnitt mit Maschine (\u00dcbergang)<\/span>\t\t\t\t\t\t\t\n\t\t\t\t\t\t\t\t\t\t\t\t\t\t\n\t\t\t\t\t\t\t\t\t\t\t\t\t\n\t\t\t\t\t\t\t\t<span class=\"wpr-price-list-separator\"><\/span>\n\t\t\t\t\t\t\t\n\t\t\t\t\t\t\t\t\t\t\t\t\t\t\t<span class=\"wpr-price-list-price-wrap\">\n\t\t\t\t\t\t\t\t\t\t\n\t\t\t\t\t\t\t\t\t<span class=\"wpr-price-list-price\">470 CZK<\/span>\n\t\t\t\t\t\t\t\t\t\n\t\t\t\t\t\t\t\t\t\t\t\t\t\t\t\t\t<\/span>\n\t\t\t\t\t\t\t\n\t\t\t\t\t\t<\/div>\n\t\t\t\t\t\t\n\t\t\t\t\t\t\t\t\t\t\t\t\t<div class=\"wpr-price-list-description\">Haarschnitt nur mit Maschine, Konturenrasur mit Rasiermesser, Waschen, Entfernen von H\u00e4rchen um die Ohren, Entfernen von Nasenhaaren mit Wachs, Styling und K\u00f6lnischwasser. Wasser, Kaffee, Tee GRATIS. <\/div>\n\t\t\t\t\t\t\t\t\t\t\t<\/div>\n\n\t\t\t\t<\/div>\n\n\t\t\t\t\n\t\t\t\t<div class=\"wpr-price-list-item elementor-repeater-item-155285c elementor-clearfix\">\n\t\t\t\t\t\t\t\n\t\t\t\t<div class=\"wpr-price-list-image\"><img decoding=\"async\" src=\"https:\/\/www.7barber.cz\/wp-content\/uploads\/2025\/04\/Snimek-obrazovky-2025-04-14-v-19.25.18.png\" ><\/div>\n\t\t\t\t\t<div class=\"wpr-price-list-content\">\n\t\t\t\t\t\t\n\t\t\t\t\t\t<div class=\"wpr-price-list-heading\">\n\t\t\t\t\t\t\t\n\t\t\t\t\t\t\t\t\t\t\t\t\t\t\t\n\t\t\t\t\t\t\t<span class=\"wpr-price-list-title\">Haarschnitt mit Maschine eine L\u00e4nge  Bartrasur<\/span>\t\t\t\t\t\t\t\n\t\t\t\t\t\t\t\t\t\t\t\t\t\t\n\t\t\t\t\t\t\t\t\t\t\t\t\t\n\t\t\t\t\t\t\t\t<span class=\"wpr-price-list-separator\"><\/span>\n\t\t\t\t\t\t\t\n\t\t\t\t\t\t\t\t\t\t\t\t\t\t\t<span class=\"wpr-price-list-price-wrap\">\n\t\t\t\t\t\t\t\t\t\t\n\t\t\t\t\t\t\t\t\t<span class=\"wpr-price-list-price\">680 CZK<\/span>\n\t\t\t\t\t\t\t\t\t\n\t\t\t\t\t\t\t\t\t\t\t\t\t\t\t\t\t<\/span>\n\t\t\t\t\t\t\t\n\t\t\t\t\t\t<\/div>\n\t\t\t\t\t\t\n\t\t\t\t\t\t\t\t\t\t\t\t\t<div class=\"wpr-price-list-description\">Haarschnitt mit Maschine auf eine L\u00e4nge, Bartpflege mit Maschine und Rasiermesser, Gesicht bedampfen, Konturenrasur mit Rasiermesser, Hautpflege, Waschen, Entfernen von H\u00e4rchen um die Ohren, Entfernen von Nasenhaaren mit Wachs, Styling und K\u00f6lnischwasser. Wasser, Kaffee, Tee GRATIS <\/div>\n\t\t\t\t\t\t\t\t\t\t\t<\/div>\n\n\t\t\t\t<\/div>\n\n\t\t\t\t\n\t\t\t\t<div class=\"wpr-price-list-item elementor-repeater-item-5355a37 elementor-clearfix\">\n\t\t\t\t\t\t\t\n\t\t\t\t<div class=\"wpr-price-list-image\"><img decoding=\"async\" src=\"https:\/\/www.7barber.cz\/wp-content\/uploads\/2025\/04\/Snimek-obrazovky-2025-04-14-v-19.27.15.png\" ><\/div>\n\t\t\t\t\t<div class=\"wpr-price-list-content\">\n\t\t\t\t\t\t\n\t\t\t\t\t\t<div class=\"wpr-price-list-heading\">\n\t\t\t\t\t\t\t\n\t\t\t\t\t\t\t\t\t\t\t\t\t\t\t\n\t\t\t\t\t\t\t<span class=\"wpr-price-list-title\">Bartrasur<\/span>\t\t\t\t\t\t\t\n\t\t\t\t\t\t\t\t\t\t\t\t\t\t\n\t\t\t\t\t\t\t\t\t\t\t\t\t\n\t\t\t\t\t\t\t\t<span class=\"wpr-price-list-separator\"><\/span>\n\t\t\t\t\t\t\t\n\t\t\t\t\t\t\t\t\t\t\t\t\t\t\t<span class=\"wpr-price-list-price-wrap\">\n\t\t\t\t\t\t\t\t\t\t\n\t\t\t\t\t\t\t\t\t<span class=\"wpr-price-list-price\">560 CZK<\/span>\n\t\t\t\t\t\t\t\t\t\n\t\t\t\t\t\t\t\t\t\t\t\t\t\t\t\t\t<\/span>\n\t\t\t\t\t\t\t\n\t\t\t\t\t\t<\/div>\n\t\t\t\t\t\t\n\t\t\t\t\t\t\t\t\t\t\t<\/div>\n\n\t\t\t\t<\/div>\n\n\t\t\t\t\t\t<\/div>\n\t\t\t\t\t\t<\/div>\n\t\t\t\t<\/div>\n\t\t\t\t\t<\/div>\n\t\t<\/div>\n\t\t\t\t<div class=\"elementor-column elementor-col-50 elementor-inner-column elementor-element elementor-element-7f86905\" data-id=\"7f86905\" data-element_type=\"column\" data-e-type=\"column\">\n\t\t\t<div class=\"elementor-widget-wrap elementor-element-populated\">\n\t\t\t\t\t\t<div class=\"elementor-element elementor-element-4d42099a wpr-price-list-position-left wpr-price-list-old-position-before elementor-widget elementor-widget-wpr-price-list\" data-id=\"4d42099a\" data-element_type=\"widget\" data-e-type=\"widget\" data-widget_type=\"wpr-price-list.default\">\n\t\t\t\t<div class=\"elementor-widget-container\">\n\t\t\t\t\t\n\t\t<div class=\"wpr-price-list\">\n\t\t\t\n\t\t\t\n\t\t\t\t<div class=\"wpr-price-list-item elementor-repeater-item-8523e1a elementor-clearfix\">\n\t\t\t\t\t\t\t\n\t\t\t\t<div class=\"wpr-price-list-image\"><img decoding=\"async\" src=\"https:\/\/www.7barber.cz\/wp-content\/uploads\/2025\/04\/Snimek-obrazovky-2025-04-14-v-19.30.04.png\" ><\/div>\n\t\t\t\t\t<div class=\"wpr-price-list-content\">\n\t\t\t\t\t\t\n\t\t\t\t\t\t<div class=\"wpr-price-list-heading\">\n\t\t\t\t\t\t\t\n\t\t\t\t\t\t\t\t\t\t\t\t\t\t\t\n\t\t\t\t\t\t\t<span class=\"wpr-price-list-title\">Haarschnitt  Bartrasur<\/span>\t\t\t\t\t\t\t\n\t\t\t\t\t\t\t\t\t\t\t\t\t\t\n\t\t\t\t\t\t\t\t\t\t\t\t\t\n\t\t\t\t\t\t\t\t<span class=\"wpr-price-list-separator\"><\/span>\n\t\t\t\t\t\t\t\n\t\t\t\t\t\t\t\t\t\t\t\t\t\t\t<span class=\"wpr-price-list-price-wrap\">\n\t\t\t\t\t\t\t\t\t\t\n\t\t\t\t\t\t\t\t\t<span class=\"wpr-price-list-price\">930 CZK<\/span>\n\t\t\t\t\t\t\t\t\t\n\t\t\t\t\t\t\t\t\t\t\t\t\t\t\t\t\t<\/span>\n\t\t\t\t\t\t\t\n\t\t\t\t\t\t<\/div>\n\t\t\t\t\t\t\n\t\t\t\t\t\t\t\t\t\t\t\t\t<div class=\"wpr-price-list-description\">Haarschnitt mit Maschine und Schere, Bartpflege mit Maschine und Rasiermesser, Gesicht bedampfen, Konturenrasur mit Rasiermesser, Hautpflege, Waschen, Entfernen von H\u00e4rchen um die Ohren, Entfernen von Nasenhaaren mit Wachs, Styling und K\u00f6lnischwasser. Wasser, Kaffee, Tee GRATIS <\/div>\n\t\t\t\t\t\t\t\t\t\t\t<\/div>\n\n\t\t\t\t<\/div>\n\n\t\t\t\t\n\t\t\t\t<div class=\"wpr-price-list-item elementor-repeater-item-6dbc07e elementor-clearfix\">\n\t\t\t\t\t\t\t\n\t\t\t\t<div class=\"wpr-price-list-image\"><img decoding=\"async\" src=\"https:\/\/www.7barber.cz\/wp-content\/uploads\/2025\/04\/Snimek-obrazovky-2025-04-14-v-19.31.53.png\" ><\/div>\n\t\t\t\t\t<div class=\"wpr-price-list-content\">\n\t\t\t\t\t\t\n\t\t\t\t\t\t<div class=\"wpr-price-list-heading\">\n\t\t\t\t\t\t\t\n\t\t\t\t\t\t\t\t\t\t\t\t\t\t\t\n\t\t\t\t\t\t\t<span class=\"wpr-price-list-title\">Meisterwerk<\/span>\t\t\t\t\t\t\t\n\t\t\t\t\t\t\t\t\t\t\t\t\t\t\n\t\t\t\t\t\t\t\t\t\t\t\t\t\n\t\t\t\t\t\t\t\t<span class=\"wpr-price-list-separator\"><\/span>\n\t\t\t\t\t\t\t\n\t\t\t\t\t\t\t\t\t\t\t\t\t\t\t<span class=\"wpr-price-list-price-wrap\">\n\t\t\t\t\t\t\t\t\t\t\n\t\t\t\t\t\t\t\t\t<span class=\"wpr-price-list-price\">1990 CZK<\/span>\n\t\t\t\t\t\t\t\t\t\n\t\t\t\t\t\t\t\t\t\t\t\t\t\t\t\t\t<\/span>\n\t\t\t\t\t\t\t\n\t\t\t\t\t\t<\/div>\n\t\t\t\t\t\t\n\t\t\t\t\t\t\t\t\t\t\t\t\t<div class=\"wpr-price-list-description\">Haarschnitt mit Schere und Maschine, Bartpflege mit Maschine und Rasiermesser, Gesicht bedampfen, Rasur, Konturenrasur mit Rasiermesser, Hautpflege, Gesichtskosmetik (Peeling, Maske, Hydratation), Bartf\u00e4rbung, Waschen, Kopfmassage, Entfernen von H\u00e4rchen um die Ohren, Entfernen von Nasenhaaren mit Wachs, Styling und K\u00f6lnischwasser, Paraffinpackung f\u00fcr die H\u00e4nde, UV-Reinigung (Schmuck, Brille), 2x Schnaps oder Limo. Wasser, Kaffee, Tee GRATIS. <\/div>\n\t\t\t\t\t\t\t\t\t\t\t<\/div>\n\n\t\t\t\t<\/div>\n\n\t\t\t\t\n\t\t\t\t<div class=\"wpr-price-list-item elementor-repeater-item-d3393e7 elementor-clearfix\">\n\t\t\t\t\t\t\t\n\t\t\t\t<div class=\"wpr-price-list-image\"><img decoding=\"async\" src=\"https:\/\/www.7barber.cz\/wp-content\/uploads\/2025\/04\/Snimek-obrazovky-2025-04-14-v-19.33.48.png\" ><\/div>\n\t\t\t\t\t<div class=\"wpr-price-list-content\">\n\t\t\t\t\t\t\n\t\t\t\t\t\t<div class=\"wpr-price-list-heading\">\n\t\t\t\t\t\t\t\n\t\t\t\t\t\t\t\t\t\t\t\t\t\t\t\n\t\t\t\t\t\t\t<span class=\"wpr-price-list-title\">Haarschnitt mit Maschine (\u00dcbergang)  Bartrasur<\/span>\t\t\t\t\t\t\t\n\t\t\t\t\t\t\t\t\t\t\t\t\t\t\n\t\t\t\t\t\t\t\t\t\t\t\t\t\n\t\t\t\t\t\t\t\t<span class=\"wpr-price-list-separator\"><\/span>\n\t\t\t\t\t\t\t\n\t\t\t\t\t\t\t\t\t\t\t\t\t\t\t<span class=\"wpr-price-list-price-wrap\">\n\t\t\t\t\t\t\t\t\t\t\n\t\t\t\t\t\t\t\t\t<span class=\"wpr-price-list-price\">740 CZK<\/span>\n\t\t\t\t\t\t\t\t\t\n\t\t\t\t\t\t\t\t\t\t\t\t\t\t\t\t\t<\/span>\n\t\t\t\t\t\t\t\n\t\t\t\t\t\t<\/div>\n\t\t\t\t\t\t\n\t\t\t\t\t\t\t\t\t\t\t\t\t<div class=\"wpr-price-list-description\">Haarschnitt nur mit Maschine (Fade), Bartpflege mit Maschine und Rasiermesser, Gesicht bedampfen, Konturenrasur mit Rasiermesser, Hautpflege, Waschen, Entfernen von H\u00e4rchen um die Ohren, Entfernen von Nasenhaaren mit Wachs, Styling und K\u00f6lnischwasser. Wasser, Kaffee, Tee GRATIS <\/div>\n\t\t\t\t\t\t\t\t\t\t\t<\/div>\n\n\t\t\t\t<\/div>\n\n\t\t\t\t\n\t\t\t\t<div class=\"wpr-price-list-item elementor-repeater-item-d61fb1c elementor-clearfix\">\n\t\t\t\t\t\t\t\n\t\t\t\t<div class=\"wpr-price-list-image\"><img decoding=\"async\" src=\"https:\/\/www.7barber.cz\/wp-content\/uploads\/2025\/04\/Snimek-obrazovky-2025-04-14-v-19.35.33.png\" ><\/div>\n\t\t\t\t\t<div class=\"wpr-price-list-content\">\n\t\t\t\t\t\t\n\t\t\t\t\t\t<div class=\"wpr-price-list-heading\">\n\t\t\t\t\t\t\t\n\t\t\t\t\t\t\t\t\t\t\t\t\t\t\t\n\t\t\t\t\t\t\t<span class=\"wpr-price-list-title\">Kopf rasieren mit Rasiermesser  Bartrasur<\/span>\t\t\t\t\t\t\t\n\t\t\t\t\t\t\t\t\t\t\t\t\t\t\n\t\t\t\t\t\t\t\t\t\t\t\t\t\n\t\t\t\t\t\t\t\t<span class=\"wpr-price-list-separator\"><\/span>\n\t\t\t\t\t\t\t\n\t\t\t\t\t\t\t\t\t\t\t\t\t\t\t<span class=\"wpr-price-list-price-wrap\">\n\t\t\t\t\t\t\t\t\t\t\n\t\t\t\t\t\t\t\t\t<span class=\"wpr-price-list-price\">740 CZK<\/span>\n\t\t\t\t\t\t\t\t\t\n\t\t\t\t\t\t\t\t\t\t\t\t\t\t\t\t\t<\/span>\n\t\t\t\t\t\t\t\n\t\t\t\t\t\t<\/div>\n\t\t\t\t\t\t\n\t\t\t\t\t\t\t\t\t\t\t\t\t<div class=\"wpr-price-list-description\">Kopf rasieren mit Rasiermesser, Bartpflege mit Maschine und Rasiermesser, Gesicht bedampfen, Konturenrasur mit Rasiermesser, Hautpflege, Waschen, Entfernen von H\u00e4rchen um die Ohren, Entfernen von Nasenhaaren mit Wachs, Styling und K\u00f6lnischwasser. Wasser, Kaffee, Tee GRATIS <\/div>\n\t\t\t\t\t\t\t\t\t\t\t<\/div>\n\n\t\t\t\t<\/div>\n\n\t\t\t\t\t\t<\/div>\n\t\t\t\t\t\t<\/div>\n\t\t\t\t<\/div>\n\t\t\t\t\t<\/div>\n\t\t<\/div>\n\t\t\t\t\t<\/div>\n\t\t<\/section>\n\t\t\t\t\t<\/div>\n\t\t<\/div>\n\t\t\t\t\t<\/div>\n\t\t<\/section>\n\t\t\t\t<\/div>\n\t\t","protected":false},"excerpt":{"rendered":"<p>Preisliste Barbershop Haarschnitt 560 CZK Haarschnitt mit Schere und Maschine, Konturenrasur mit Rasiermesser, Waschen, Entfernen von H\u00e4rchen um die Ohren, Entfernen von Nasenhaaren mit Wachs, Styling und K\u00f6lnischwasser. Wasser, Kaffee, Tee GRATIS. Kinderschnitt bis 10 Jahre 400 CZK Haarschnitt mit Maschine (\u00dcbergang) 470 CZK Haarschnitt nur mit Maschine, Konturenrasur mit Rasiermesser, Waschen, Entfernen von H\u00e4rchen um die Ohren, Entfernen von Nasenhaaren mit Wachs, Styling und K\u00f6lnischwasser. Wasser, Kaffee, Tee GRATIS. Haarschnitt mit Maschine eine L\u00e4nge Bartrasur 680 CZK Haarschnitt mit Maschine auf eine L\u00e4nge, Bartpflege mit Maschine und Rasiermesser, Gesicht bedampfen, Konturenrasur mit Rasiermesser, Hautpflege, Waschen, Entfernen von H\u00e4rchen um die Ohren, Entfernen von Nasenhaaren mit Wachs, Styling und K\u00f6lnischwasser. Wasser, Kaffee, Tee GRATIS Bartrasur 560 CZK Haarschnitt Bartrasur 930 CZK Haarschnitt mit Maschine und Schere, Bartpflege mit Maschine und Rasiermesser, Gesicht bedampfen, Konturenrasur mit Rasiermesser, Hautpflege, Waschen, Entfernen von H\u00e4rchen um die Ohren, Entfernen von Nasenhaaren mit Wachs, Styling und K\u00f6lnischwasser. Wasser, Kaffee, Tee GRATIS Meisterwerk 1990 CZK Haarschnitt mit Schere und Maschine, Bartpflege mit Maschine und Rasiermesser, Gesicht bedampfen, Rasur, Konturenrasur mit Rasiermesser, Hautpflege, Gesichtskosmetik (Peeling, Maske, Hydratation), Bartf\u00e4rbung, Waschen, Kopfmassage, Entfernen von H\u00e4rchen um die Ohren, Entfernen von Nasenhaaren mit Wachs, Styling und K\u00f6lnischwasser, Paraffinpackung f\u00fcr die H\u00e4nde, UV-Reinigung (Schmuck, Brille), 2x Schnaps oder Limo. Wasser, Kaffee, Tee GRATIS. Haarschnitt mit Maschine (\u00dcbergang) Bartrasur 740 CZK Haarschnitt nur mit Maschine (Fade), Bartpflege mit Maschine und Rasiermesser, Gesicht bedampfen, Konturenrasur mit Rasiermesser, Hautpflege, Waschen, Entfernen von H\u00e4rchen um die Ohren, Entfernen von Nasenhaaren mit Wachs, Styling und K\u00f6lnischwasser. Wasser, Kaffee, Tee GRATIS Kopf rasieren mit Rasiermesser Bartrasur 740 CZK Kopf rasieren mit Rasiermesser, Bartpflege mit Maschine und Rasiermesser, Gesicht bedampfen, Konturenrasur mit Rasiermesser, Hautpflege, Waschen, Entfernen von H\u00e4rchen um die Ohren, Entfernen von Nasenhaaren mit Wachs, Styling und K\u00f6lnischwasser. Wasser, Kaffee, Tee GRATIS<\/p>\n","protected":false},"author":1,"featured_media":0,"parent":0,"menu_order":0,"comment_status":"closed","ping_status":"closed","template":"elementor_header_footer","meta":{"footnotes":""},"class_list":["post-3454","page","type-page","status-publish","hentry"],"_links":{"self":[{"href":"https:\/\/www.7barber.cz\/de\/wp-json\/wp\/v2\/pages\/3454","targetHints":{"allow":["GET"]}}],"collection":[{"href":"https:\/\/www.7barber.cz\/de\/wp-json\/wp\/v2\/pages"}],"about":[{"href":"https:\/\/www.7barber.cz\/de\/wp-json\/wp\/v2\/types\/page"}],"author":[{"embeddable":true,"href":"https:\/\/www.7barber.cz\/de\/wp-json\/wp\/v2\/users\/1"}],"replies":[{"embeddable":true,"href":"https:\/\/www.7barber.cz\/de\/wp-json\/wp\/v2\/comments?post=3454"}],"version-history":[{"count":1,"href":"https:\/\/www.7barber.cz\/de\/wp-json\/wp\/v2\/pages\/3454\/revisions"}],"predecessor-version":[{"id":3457,"href":"https:\/\/www.7barber.cz\/de\/wp-json\/wp\/v2\/pages\/3454\/revisions\/3457"}],"wp:attachment":[{"href":"https:\/\/www.7barber.cz\/de\/wp-json\/wp\/v2\/media?parent=3454"}],"curies":[{"name":"wp","href":"https:\/\/api.w.org\/{rel}","templated":true}]}}