{"id":3120,"date":"2025-04-27T08:31:27","date_gmt":"2025-04-27T06:31:27","guid":{"rendered":"https:\/\/www.7barber.cz\/\/%d0%b3%d0%b0%d0%bb%d0%b5%d1%80%d0%b5%d1%8f2\/"},"modified":"2025-08-20T16:24:44","modified_gmt":"2025-08-20T14:24:44","slug":"%d0%b3%d0%b0%d0%bb%d0%b5%d1%80%d0%b5%d1%8f2","status":"publish","type":"page","link":"https:\/\/www.7barber.cz\/uk\/%d0%b3%d0%b0%d0%bb%d0%b5%d1%80%d0%b5%d1%8f2\/","title":{"rendered":"\u0413\u0430\u043b\u0435\u0440\u0435\u044f2"},"content":{"rendered":"\t\t<div data-elementor-type=\"wp-page\" data-elementor-id=\"3120\" class=\"elementor elementor-3120 elementor-2198\">\n\t\t\t\t\t\t<section class=\"elementor-section elementor-top-section elementor-element elementor-element-50dd9ed80 elementor-section-boxed elementor-section-height-default elementor-section-height-default wpr-particle-no wpr-jarallax-no wpr-parallax-no wpr-sticky-section-no wpr-equal-height-no\" data-id=\"50dd9ed80\" data-element_type=\"section\" data-e-type=\"section\" data-settings=\"{&quot;background_background&quot;:&quot;classic&quot;}\">\n\t\t\t\t\t\t<div class=\"elementor-container elementor-column-gap-default\">\n\t\t\t\t\t<div class=\"elementor-column elementor-col-100 elementor-top-column elementor-element elementor-element-44c5b4c3\" data-id=\"44c5b4c3\" data-element_type=\"column\" data-e-type=\"column\">\n\t\t\t<div class=\"elementor-widget-wrap elementor-element-populated\">\n\t\t\t\t\t\t<div class=\"elementor-element elementor-element-ffadf2b wpr-grid-columns-3 wpr-grid-columns--tablet2 wpr-grid-columns--mobile1 wpr-grid-pagination-center wpr-item-styles-inner elementor-widget elementor-widget-wpr-grid\" data-id=\"ffadf2b\" data-element_type=\"widget\" data-e-type=\"widget\" data-widget_type=\"wpr-grid.default\">\n\t\t\t\t<div class=\"elementor-widget-container\">\n\t\t\t\t\t<h2>\u0414\u043e\u043f\u0438\u0441\u0438 \u043d\u0435 \u0437\u043d\u0430\u0439\u0434\u0435\u043d\u043e!<\/h2>\t\t\t\t<\/div>\n\t\t\t\t<\/div>\n\t\t\t\t\t<\/div>\n\t\t<\/div>\n\t\t\t\t\t<\/div>\n\t\t<\/section>\n\t\t\t\t<\/div>\n\t\t","protected":false},"excerpt":{"rendered":"<p>\u0423\u0441\u0456 \u010dl\u00e1nky \u010dl\u00e1nky L\u00e9to je ide\u00e1ln\u00ed \u010das na zm\u011bnu vzhledu \u2013 a co je lep\u0161\u00edho ne\u017e nov\u00fd, sv\u011b\u017e\u00ed letn\u00ed sest\u0159ih? Vy\u0161\u0161\u00ed teploty si&#8230;<\/p>\n","protected":false},"author":1,"featured_media":0,"parent":0,"menu_order":0,"comment_status":"closed","ping_status":"closed","template":"","meta":{"footnotes":""},"class_list":["post-3120","page","type-page","status-publish","hentry"],"_links":{"self":[{"href":"https:\/\/www.7barber.cz\/uk\/wp-json\/wp\/v2\/pages\/3120","targetHints":{"allow":["GET"]}}],"collection":[{"href":"https:\/\/www.7barber.cz\/uk\/wp-json\/wp\/v2\/pages"}],"about":[{"href":"https:\/\/www.7barber.cz\/uk\/wp-json\/wp\/v2\/types\/page"}],"author":[{"embeddable":true,"href":"https:\/\/www.7barber.cz\/uk\/wp-json\/wp\/v2\/users\/1"}],"replies":[{"embeddable":true,"href":"https:\/\/www.7barber.cz\/uk\/wp-json\/wp\/v2\/comments?post=3120"}],"version-history":[{"count":3,"href":"https:\/\/www.7barber.cz\/uk\/wp-json\/wp\/v2\/pages\/3120\/revisions"}],"predecessor-version":[{"id":3242,"href":"https:\/\/www.7barber.cz\/uk\/wp-json\/wp\/v2\/pages\/3120\/revisions\/3242"}],"wp:attachment":[{"href":"https:\/\/www.7barber.cz\/uk\/wp-json\/wp\/v2\/media?parent=3120"}],"curies":[{"name":"wp","href":"https:\/\/api.w.org\/{rel}","templated":true}]}}